{"id":26254297,"date":"2025-11-25T10:31:21","date_gmt":"2025-11-25T09:31:21","guid":{"rendered":"https:\/\/www.masetec.de\/produkt\/msc-8fas332b034rn\/"},"modified":"2025-11-25T18:41:17","modified_gmt":"2025-11-25T17:41:17","slug":"msc-8fas332b034rn","status":"publish","type":"product","link":"https:\/\/www.masetec.it\/de\/produkt\/msc-8fas332b034rn\/","title":{"rendered":"MSC-8FAS332B034RN"},"content":{"rendered":"","protected":false},"excerpt":{"rendered":"<p>Das M8 Sensorkabel ist eine robuste, zuverl\u00e4ssige Verbindungsl\u00f6sung f\u00fcr industrielle Anwendungen. Es ist in verschiedenen L\u00e4ngen und Varianten erh\u00e4ltlich und bietet eine hohe Schutzklasse, ideal f\u00fcr den Einsatz in anspruchsvollen Umgebungen.<\/p>\n","protected":false},"featured_media":26254296,"comment_status":"open","ping_status":"closed","template":"","meta":{"_et_pb_use_builder":"","_et_pb_old_content":"","_et_gb_content_width":""},"product_brand":[29],"product_cat":[203],"product_tag":[],"class_list":{"0":"post-26254297","1":"product","2":"type-product","3":"status-publish","4":"has-post-thumbnail","6":"product_brand-masetec","7":"product_cat-sensorleitung-kategorie","9":"first","10":"instock","11":"shipping-taxable","12":"purchasable","13":"product-type-simple"},"df_price":"","df_sale_price":"","df_regular_price":"","df_image_link":"https:\/\/www.masetec.it\/wp-content\/uploads\/2025\/11\/MSC-8FAS332B034RN-286x300.png","_links":{"self":[{"href":"https:\/\/www.masetec.it\/de\/wp-json\/wp\/v2\/product\/26254297","targetHints":{"allow":["GET"]}}],"collection":[{"href":"https:\/\/www.masetec.it\/de\/wp-json\/wp\/v2\/product"}],"about":[{"href":"https:\/\/www.masetec.it\/de\/wp-json\/wp\/v2\/types\/product"}],"replies":[{"embeddable":true,"href":"https:\/\/www.masetec.it\/de\/wp-json\/wp\/v2\/comments?post=26254297"}],"wp:featuredmedia":[{"embeddable":true,"href":"https:\/\/www.masetec.it\/de\/wp-json\/wp\/v2\/media\/26254296"}],"wp:attachment":[{"href":"https:\/\/www.masetec.it\/de\/wp-json\/wp\/v2\/media?parent=26254297"}],"wp:term":[{"taxonomy":"product_brand","embeddable":true,"href":"https:\/\/www.masetec.it\/de\/wp-json\/wp\/v2\/product_brand?post=26254297"},{"taxonomy":"product_cat","embeddable":true,"href":"https:\/\/www.masetec.it\/de\/wp-json\/wp\/v2\/product_cat?post=26254297"},{"taxonomy":"product_tag","embeddable":true,"href":"https:\/\/www.masetec.it\/de\/wp-json\/wp\/v2\/product_tag?post=26254297"}],"curies":[{"name":"wp","href":"https:\/\/api.w.org\/{rel}","templated":true}]}}