{"id":26254191,"date":"2025-11-25T10:26:09","date_gmt":"2025-11-25T09:26:09","guid":{"rendered":"https:\/\/www.masetec.de\/produkt\/mrs-xc14-smtc1184\/"},"modified":"2025-11-25T18:41:15","modified_gmt":"2025-11-25T17:41:15","slug":"mrs-xc14-smtc1184","status":"publish","type":"product","link":"https:\/\/www.masetec.it\/de\/produkt\/mrs-xc14-smtc1184\/","title":{"rendered":"MRS-XC14-SMTC1184"},"content":{"rendered":"","protected":false},"excerpt":{"rendered":"<p>Ein Tape &#038; Reel basierender SMD-Reedkontakt. Diese kosteng\u00fcnstigste Art der automatisch best\u00fcckbaren Reedschalter ist ideal f\u00fcr alle kostenintensiven Anwendungen.<\/p>\n","protected":false},"featured_media":26254190,"comment_status":"open","ping_status":"closed","template":"","meta":{"_et_pb_use_builder":"","_et_pb_old_content":"","_et_gb_content_width":""},"product_brand":[29],"product_cat":[166],"product_tag":[],"class_list":{"0":"post-26254191","1":"product","2":"type-product","3":"status-publish","4":"has-post-thumbnail","6":"product_brand-masetec","7":"product_cat-reed-schalter-kategorie","9":"first","10":"instock","11":"shipping-taxable","12":"purchasable","13":"product-type-simple"},"df_price":"","df_sale_price":"","df_regular_price":"","df_image_link":"https:\/\/www.masetec.it\/wp-content\/uploads\/2025\/11\/MRS-XX14-SMT-gold-300x167.jpg","_links":{"self":[{"href":"https:\/\/www.masetec.it\/de\/wp-json\/wp\/v2\/product\/26254191","targetHints":{"allow":["GET"]}}],"collection":[{"href":"https:\/\/www.masetec.it\/de\/wp-json\/wp\/v2\/product"}],"about":[{"href":"https:\/\/www.masetec.it\/de\/wp-json\/wp\/v2\/types\/product"}],"replies":[{"embeddable":true,"href":"https:\/\/www.masetec.it\/de\/wp-json\/wp\/v2\/comments?post=26254191"}],"wp:featuredmedia":[{"embeddable":true,"href":"https:\/\/www.masetec.it\/de\/wp-json\/wp\/v2\/media\/26254190"}],"wp:attachment":[{"href":"https:\/\/www.masetec.it\/de\/wp-json\/wp\/v2\/media?parent=26254191"}],"wp:term":[{"taxonomy":"product_brand","embeddable":true,"href":"https:\/\/www.masetec.it\/de\/wp-json\/wp\/v2\/product_brand?post=26254191"},{"taxonomy":"product_cat","embeddable":true,"href":"https:\/\/www.masetec.it\/de\/wp-json\/wp\/v2\/product_cat?post=26254191"},{"taxonomy":"product_tag","embeddable":true,"href":"https:\/\/www.masetec.it\/de\/wp-json\/wp\/v2\/product_tag?post=26254191"}],"curies":[{"name":"wp","href":"https:\/\/api.w.org\/{rel}","templated":true}]}}