{"id":26254171,"date":"2025-11-25T10:26:00","date_gmt":"2025-11-25T09:26:00","guid":{"rendered":"https:\/\/www.masetec.de\/produkt\/mma-pp-20509823-ax\/"},"modified":"2025-11-25T18:41:14","modified_gmt":"2025-11-25T17:41:14","slug":"mma-pp-20509823-ax","status":"publish","type":"product","link":"https:\/\/www.masetec.it\/de\/produkt\/mma-pp-20509823-ax\/","title":{"rendered":"MMA-PP-20509823-AX"},"content":{"rendered":"","protected":false},"excerpt":{"rendered":"<p>Polypropylen-Magnetschwimmer sind leicht, chemikalienbest\u00e4ndig, kosteng\u00fcnstig und bieten gute Temperatur- sowie Korrosionsbest\u00e4ndigkeit. Diese Eigenschaften machen sie ideal f\u00fcr den Einsatz in der Chemie- und Wasseraufbereitungsindustrie.<\/p>\n","protected":false},"featured_media":26254170,"comment_status":"open","ping_status":"closed","template":"","meta":{"_et_pb_use_builder":"","_et_pb_old_content":"","_et_gb_content_width":""},"product_brand":[29],"product_cat":[153],"product_tag":[],"class_list":{"0":"post-26254171","1":"product","2":"type-product","3":"status-publish","4":"has-post-thumbnail","6":"product_brand-masetec","7":"product_cat-magnetschwimmer-kategorie","9":"first","10":"instock","11":"shipping-taxable","12":"purchasable","13":"product-type-simple"},"df_price":"","df_sale_price":"","df_regular_price":"","df_image_link":"https:\/\/www.masetec.it\/wp-content\/uploads\/2025\/11\/MMA-PP-20509823-AX-300x157.jpg","_links":{"self":[{"href":"https:\/\/www.masetec.it\/de\/wp-json\/wp\/v2\/product\/26254171","targetHints":{"allow":["GET"]}}],"collection":[{"href":"https:\/\/www.masetec.it\/de\/wp-json\/wp\/v2\/product"}],"about":[{"href":"https:\/\/www.masetec.it\/de\/wp-json\/wp\/v2\/types\/product"}],"replies":[{"embeddable":true,"href":"https:\/\/www.masetec.it\/de\/wp-json\/wp\/v2\/comments?post=26254171"}],"wp:featuredmedia":[{"embeddable":true,"href":"https:\/\/www.masetec.it\/de\/wp-json\/wp\/v2\/media\/26254170"}],"wp:attachment":[{"href":"https:\/\/www.masetec.it\/de\/wp-json\/wp\/v2\/media?parent=26254171"}],"wp:term":[{"taxonomy":"product_brand","embeddable":true,"href":"https:\/\/www.masetec.it\/de\/wp-json\/wp\/v2\/product_brand?post=26254171"},{"taxonomy":"product_cat","embeddable":true,"href":"https:\/\/www.masetec.it\/de\/wp-json\/wp\/v2\/product_cat?post=26254171"},{"taxonomy":"product_tag","embeddable":true,"href":"https:\/\/www.masetec.it\/de\/wp-json\/wp\/v2\/product_tag?post=26254171"}],"curies":[{"name":"wp","href":"https:\/\/api.w.org\/{rel}","templated":true}]}}