{"id":26254084,"date":"2025-11-25T10:24:11","date_gmt":"2025-11-25T09:24:11","guid":{"rendered":"https:\/\/www.masetec.de\/produkt\/mls-115-2a\/"},"modified":"2025-11-25T18:41:12","modified_gmt":"2025-11-25T17:41:12","slug":"mls-115-2a","status":"publish","type":"product","link":"https:\/\/www.masetec.it\/de\/produkt\/mls-115-2a\/","title":{"rendered":"MLS-115-2A"},"content":{"rendered":"","protected":false},"excerpt":{"rendered":"<p>Ein Schwimmerschalter auf Basis eines Reedkontakts, der sowohl als \u00d6ffner als auch als Schlie\u00dfer konfiguriert werden kann. Erh\u00e4ltlich in unterschiedlichen Kabell\u00e4ngen sowie mit verschiedenen Steckeroptionen, bietet er flexible Einsatzm\u00f6glichkeiten f\u00fcr diverse Anwendungen.<\/p>\n","protected":false},"featured_media":26254081,"comment_status":"open","ping_status":"closed","template":"","meta":{"_et_pb_use_builder":"","_et_pb_old_content":"","_et_gb_content_width":""},"product_brand":[29],"product_cat":[129],"product_tag":[],"class_list":{"0":"post-26254084","1":"product","2":"type-product","3":"status-publish","4":"has-post-thumbnail","6":"product_brand-masetec","7":"product_cat-level-sensoren-kategorie","9":"first","10":"instock","11":"shipping-taxable","12":"purchasable","13":"product-type-simple"},"df_price":"","df_sale_price":"","df_regular_price":"","df_image_link":"https:\/\/www.masetec.it\/wp-content\/uploads\/2025\/11\/MLS-115-103x300.jpg","_links":{"self":[{"href":"https:\/\/www.masetec.it\/de\/wp-json\/wp\/v2\/product\/26254084","targetHints":{"allow":["GET"]}}],"collection":[{"href":"https:\/\/www.masetec.it\/de\/wp-json\/wp\/v2\/product"}],"about":[{"href":"https:\/\/www.masetec.it\/de\/wp-json\/wp\/v2\/types\/product"}],"replies":[{"embeddable":true,"href":"https:\/\/www.masetec.it\/de\/wp-json\/wp\/v2\/comments?post=26254084"}],"wp:featuredmedia":[{"embeddable":true,"href":"https:\/\/www.masetec.it\/de\/wp-json\/wp\/v2\/media\/26254081"}],"wp:attachment":[{"href":"https:\/\/www.masetec.it\/de\/wp-json\/wp\/v2\/media?parent=26254084"}],"wp:term":[{"taxonomy":"product_brand","embeddable":true,"href":"https:\/\/www.masetec.it\/de\/wp-json\/wp\/v2\/product_brand?post=26254084"},{"taxonomy":"product_cat","embeddable":true,"href":"https:\/\/www.masetec.it\/de\/wp-json\/wp\/v2\/product_cat?post=26254084"},{"taxonomy":"product_tag","embeddable":true,"href":"https:\/\/www.masetec.it\/de\/wp-json\/wp\/v2\/product_tag?post=26254084"}],"curies":[{"name":"wp","href":"https:\/\/api.w.org\/{rel}","templated":true}]}}