{"id":26254059,"date":"2025-11-25T10:23:58","date_gmt":"2025-11-25T09:23:58","guid":{"rendered":"https:\/\/www.masetec.de\/produkt\/mtm-901-2\/"},"modified":"2025-11-25T18:41:11","modified_gmt":"2025-11-25T17:41:11","slug":"mtm-901-2","status":"publish","type":"product","link":"https:\/\/www.masetec.it\/de\/produkt\/mtm-901-2\/","title":{"rendered":"MTM-901-2"},"content":{"rendered":"","protected":false},"excerpt":{"rendered":"<p>Ein TMR IC-basierter Magnetsensor mit einer Auswahl von Schlie\u00dfkontakten. Das Geh\u00e4usedesign erm\u00f6glicht eine Schraub- oder Klememontage. Verf\u00fcgbar mit unterschiedlichen Kabell\u00e4ngen sowie Empfindlichkeits- und Steckeroptionen.  <\/p>\n","protected":false},"featured_media":26254057,"comment_status":"open","ping_status":"closed","template":"","meta":{"_et_pb_use_builder":"","_et_pb_old_content":"","_et_gb_content_width":""},"product_brand":[29],"product_cat":[121],"product_tag":[],"class_list":{"0":"post-26254059","1":"product","2":"type-product","3":"status-publish","4":"has-post-thumbnail","6":"product_brand-masetec","7":"product_cat-tmr-sensoren-kategorie","9":"first","10":"instock","11":"shipping-taxable","12":"purchasable","13":"product-type-simple"},"df_price":"","df_sale_price":"","df_regular_price":"","df_image_link":"https:\/\/www.masetec.it\/wp-content\/uploads\/2025\/11\/MTM-901-1_00000-300x224.png","_links":{"self":[{"href":"https:\/\/www.masetec.it\/de\/wp-json\/wp\/v2\/product\/26254059","targetHints":{"allow":["GET"]}}],"collection":[{"href":"https:\/\/www.masetec.it\/de\/wp-json\/wp\/v2\/product"}],"about":[{"href":"https:\/\/www.masetec.it\/de\/wp-json\/wp\/v2\/types\/product"}],"replies":[{"embeddable":true,"href":"https:\/\/www.masetec.it\/de\/wp-json\/wp\/v2\/comments?post=26254059"}],"wp:featuredmedia":[{"embeddable":true,"href":"https:\/\/www.masetec.it\/de\/wp-json\/wp\/v2\/media\/26254057"}],"wp:attachment":[{"href":"https:\/\/www.masetec.it\/de\/wp-json\/wp\/v2\/media?parent=26254059"}],"wp:term":[{"taxonomy":"product_brand","embeddable":true,"href":"https:\/\/www.masetec.it\/de\/wp-json\/wp\/v2\/product_brand?post=26254059"},{"taxonomy":"product_cat","embeddable":true,"href":"https:\/\/www.masetec.it\/de\/wp-json\/wp\/v2\/product_cat?post=26254059"},{"taxonomy":"product_tag","embeddable":true,"href":"https:\/\/www.masetec.it\/de\/wp-json\/wp\/v2\/product_tag?post=26254059"}],"curies":[{"name":"wp","href":"https:\/\/api.w.org\/{rel}","templated":true}]}}