{"id":26254024,"date":"2025-11-25T10:23:00","date_gmt":"2025-11-25T09:23:00","guid":{"rendered":"https:\/\/www.masetec.de\/produkt\/mms-403-1\/"},"modified":"2025-11-25T18:41:10","modified_gmt":"2025-11-25T17:41:10","slug":"mms-403-1","status":"publish","type":"product","link":"https:\/\/www.masetec.it\/de\/produkt\/mms-403-1\/","title":{"rendered":"MMS-403-1"},"content":{"rendered":"","protected":false},"excerpt":{"rendered":"<p>Ein Reedkontakt-basierter Magnetsensor mit einem Schlie\u00dferkontakt. Das Geh\u00e4usedesign erm\u00f6glicht eine THT-Montage. Verf\u00fcgbar mit unterschiedlichen Empfindlichkeitsoptionen. <\/p>\n","protected":false},"featured_media":26254023,"comment_status":"open","ping_status":"closed","template":"","meta":{"_et_pb_use_builder":"","_et_pb_old_content":"","_et_gb_content_width":""},"product_brand":[29],"product_cat":[30],"product_tag":[],"class_list":{"0":"post-26254024","1":"product","2":"type-product","3":"status-publish","4":"has-post-thumbnail","6":"product_brand-masetec","7":"product_cat-reed-sensoren-kategorie","9":"first","10":"instock","11":"shipping-taxable","12":"purchasable","13":"product-type-simple"},"df_price":"","df_sale_price":"","df_regular_price":"","df_image_link":"https:\/\/www.masetec.it\/wp-content\/uploads\/2025\/11\/MMS-403-1_00000-300x169.png","_links":{"self":[{"href":"https:\/\/www.masetec.it\/de\/wp-json\/wp\/v2\/product\/26254024","targetHints":{"allow":["GET"]}}],"collection":[{"href":"https:\/\/www.masetec.it\/de\/wp-json\/wp\/v2\/product"}],"about":[{"href":"https:\/\/www.masetec.it\/de\/wp-json\/wp\/v2\/types\/product"}],"replies":[{"embeddable":true,"href":"https:\/\/www.masetec.it\/de\/wp-json\/wp\/v2\/comments?post=26254024"}],"wp:featuredmedia":[{"embeddable":true,"href":"https:\/\/www.masetec.it\/de\/wp-json\/wp\/v2\/media\/26254023"}],"wp:attachment":[{"href":"https:\/\/www.masetec.it\/de\/wp-json\/wp\/v2\/media?parent=26254024"}],"wp:term":[{"taxonomy":"product_brand","embeddable":true,"href":"https:\/\/www.masetec.it\/de\/wp-json\/wp\/v2\/product_brand?post=26254024"},{"taxonomy":"product_cat","embeddable":true,"href":"https:\/\/www.masetec.it\/de\/wp-json\/wp\/v2\/product_cat?post=26254024"},{"taxonomy":"product_tag","embeddable":true,"href":"https:\/\/www.masetec.it\/de\/wp-json\/wp\/v2\/product_tag?post=26254024"}],"curies":[{"name":"wp","href":"https:\/\/api.w.org\/{rel}","templated":true}]}}