{"id":26253827,"date":"2025-11-25T10:18:35","date_gmt":"2025-11-25T09:18:35","guid":{"rendered":"https:\/\/www.masetec.de\/produkt\/mms-101-4\/"},"modified":"2025-11-25T18:41:03","modified_gmt":"2025-11-25T17:41:03","slug":"mms-101-4","status":"publish","type":"product","link":"https:\/\/www.masetec.it\/de\/produkt\/mms-101-4\/","title":{"rendered":"MMS-101-4"},"content":{"rendered":"","protected":false},"excerpt":{"rendered":"<p>Ein Reedkontakt-basierter Magnetsensor mit einem \u00d6ffnerkontakt. Das Geh\u00e4usedesign erm\u00f6glicht eine Schraub- oder Klebemontage. Verf\u00fcgbar mit unterschiedlichen Kabell\u00e4ngen sowie Empfindlichkeits- und Steckeroptionen. <\/p>\n","protected":false},"featured_media":26253824,"comment_status":"open","ping_status":"closed","template":"","meta":{"_et_pb_use_builder":"","_et_pb_old_content":"","_et_gb_content_width":""},"product_brand":[29],"product_cat":[30],"product_tag":[],"class_list":{"0":"post-26253827","1":"product","2":"type-product","3":"status-publish","4":"has-post-thumbnail","6":"product_brand-masetec","7":"product_cat-reed-sensoren-kategorie","9":"first","10":"instock","11":"shipping-taxable","12":"purchasable","13":"product-type-simple"},"df_price":"","df_sale_price":"","df_regular_price":"","df_image_link":"https:\/\/www.masetec.it\/wp-content\/uploads\/2025\/11\/MMS-101-1_00000-300x169.png","_links":{"self":[{"href":"https:\/\/www.masetec.it\/de\/wp-json\/wp\/v2\/product\/26253827","targetHints":{"allow":["GET"]}}],"collection":[{"href":"https:\/\/www.masetec.it\/de\/wp-json\/wp\/v2\/product"}],"about":[{"href":"https:\/\/www.masetec.it\/de\/wp-json\/wp\/v2\/types\/product"}],"replies":[{"embeddable":true,"href":"https:\/\/www.masetec.it\/de\/wp-json\/wp\/v2\/comments?post=26253827"}],"wp:featuredmedia":[{"embeddable":true,"href":"https:\/\/www.masetec.it\/de\/wp-json\/wp\/v2\/media\/26253824"}],"wp:attachment":[{"href":"https:\/\/www.masetec.it\/de\/wp-json\/wp\/v2\/media?parent=26253827"}],"wp:term":[{"taxonomy":"product_brand","embeddable":true,"href":"https:\/\/www.masetec.it\/de\/wp-json\/wp\/v2\/product_brand?post=26253827"},{"taxonomy":"product_cat","embeddable":true,"href":"https:\/\/www.masetec.it\/de\/wp-json\/wp\/v2\/product_cat?post=26253827"},{"taxonomy":"product_tag","embeddable":true,"href":"https:\/\/www.masetec.it\/de\/wp-json\/wp\/v2\/product_tag?post=26253827"}],"curies":[{"name":"wp","href":"https:\/\/api.w.org\/{rel}","templated":true}]}}