{"id":26250067,"date":"2025-06-20T15:24:53","date_gmt":"2025-06-20T13:24:53","guid":{"rendered":"https:\/\/masetec.liebevolleweltherrschaft.de\/?page_id=26250067"},"modified":"2025-09-02T15:15:43","modified_gmt":"2025-09-02T13:15:43","slug":"soziales-engagement","status":"publish","type":"page","link":"https:\/\/www.masetec.it\/de\/soziales-engagement\/","title":{"rendered":"Soziales Engagement"},"content":{"rendered":"<p>[et_pb_section fb_built=&#8220;1&#8243; _builder_version=&#8220;4.27.4&#8243; _module_preset=&#8220;default&#8220; custom_padding=&#8220;40px||60px||false|false&#8220; global_colors_info=&#8220;{}&#8220;][et_pb_row _builder_version=&#8220;4.27.4&#8243; _module_preset=&#8220;default&#8220; width=&#8220;90%&#8220; custom_padding=&#8220;||12px|||&#8220; global_colors_info=&#8220;{}&#8220;][et_pb_column type=&#8220;4_4&#8243; _builder_version=&#8220;4.27.4&#8243; _module_preset=&#8220;default&#8220; global_colors_info=&#8220;{}&#8220;][et_pb_text _builder_version=&#8220;4.27.4&#8243; _module_preset=&#8220;default&#8220; header_text_align=&#8220;left&#8220; header_font_size=&#8220;60px&#8220; header_2_text_align=&#8220;left&#8220; header_2_font_size=&#8220;50px&#8220; max_width=&#8220;1135px&#8220; custom_margin=&#8220;||31px||false|false&#8220; header_font_size_tablet=&#8220;50px&#8220; header_font_size_phone=&#8220;40px&#8220; header_font_size_last_edited=&#8220;on|phone&#8220; header_2_font_size_tablet=&#8220;40px&#8220; header_2_font_size_phone=&#8220;33px&#8220; header_2_font_size_last_edited=&#8220;on|phone&#8220; global_colors_info=&#8220;{}&#8220;]<\/p>\n<h1>Unser Soziales Engagement bei masetec GmbH<\/h1>\n<p>[\/et_pb_text][et_pb_text _builder_version=&#8220;4.27.4&#8243; _module_preset=&#8220;default&#8220; text_font_size=&#8220;22px&#8220; max_width=&#8220;1100px&#8220; custom_margin=&#8220;||||false|false&#8220; global_colors_info=&#8220;{}&#8220;]<\/p>\n<p><strong>Bei masetec GmbH ist es uns ein besonderes Anliegen, einen positiven Beitrag zur Gemeinschaft zu leisten und lokale Projekte zu unterst\u00fctzen. Wir freuen uns, Teil der F\u00f6rderung des Jugendsports in unserer Region zu sein und m\u00f6chten uns aktiv f\u00fcr die Entwicklung und Begeisterung der jungen Generation einsetzen.<\/strong><\/p>\n<p>[\/et_pb_text][\/et_pb_column][\/et_pb_row][et_pb_row use_custom_gutter=&#8220;on&#8220; _builder_version=&#8220;4.27.4&#8243; _module_preset=&#8220;default&#8220; width=&#8220;90%&#8220; custom_margin=&#8220;|auto||auto|false|false&#8220; custom_padding=&#8220;50px||||false|false&#8220; global_colors_info=&#8220;{}&#8220;][et_pb_column type=&#8220;4_4&#8243; _builder_version=&#8220;4.27.4&#8243; _module_preset=&#8220;default&#8220; global_colors_info=&#8220;{}&#8220;][et_pb_text _builder_version=&#8220;4.27.4&#8243; _module_preset=&#8220;default&#8220; header_2_text_align=&#8220;left&#8220; header_2_font_size=&#8220;36px&#8220; custom_margin=&#8220;||12px||false|false&#8220; custom_margin_tablet=&#8220;||20px||false|false&#8220; custom_margin_phone=&#8220;||10px||false|false&#8220; custom_margin_last_edited=&#8220;on|phone&#8220; hover_enabled=&#8220;0&#8243; header_font_size_tablet=&#8220;&#8220; header_font_size_phone=&#8220;28px&#8220; header_font_size_last_edited=&#8220;on|phone&#8220; header_2_font_size_tablet=&#8220;30px&#8220; header_2_font_size_phone=&#8220;30px&#8220; header_2_font_size_last_edited=&#8220;on|tablet&#8220; global_colors_info=&#8220;{}&#8220; sticky_enabled=&#8220;0&#8243;]<\/p>\n<h2>Neue Trikots f\u00fcr TV 1881 Altdorf<\/h2>\n<p>[\/et_pb_text][et_pb_text _builder_version=&#8220;4.27.4&#8243; _module_preset=&#8220;default&#8220; max_width=&#8220;1100px&#8220; custom_margin=&#8220;||||false|false&#8220; global_colors_info=&#8220;{}&#8220;]<\/p>\n<p>In diesem Zusammenhang haben wir die Mannschaften der U10, U12 und U14 des TV 1881 Altdorf mit neuen Basketballtrikots und -hosen ausgestattet. Mit dieser Unterst\u00fctzung m\u00f6chten wir den jungen Sportlerinnen und Sportlern optimale Voraussetzungen f\u00fcr ihr Training und ihre Wettk\u00e4mpfe bieten und ihnen helfen, ihre Leidenschaft f\u00fcr den Basketball zu leben.<br \/>Unser Engagement f\u00fcr den Jugendsport ist ein Ausdruck unserer Verbundenheit mit der Region und unserer \u00dcberzeugung, dass sportliche Aktivit\u00e4ten wichtige Werte wie Teamgeist, Disziplin und Fairplay vermitteln. Durch die F\u00f6rderung solcher Projekte tragen wir dazu bei, eine gesunde und aktive Jugend zu unterst\u00fctzen und das Zusammengeh\u00f6rigkeitsgef\u00fchl in unserer Gemeinschaft zu st\u00e4rken.<br \/>Wir sind stolz darauf, die Entwicklung junger Talente zu f\u00f6rdern und die Begeisterung f\u00fcr den Sport in unserer Region zu teilen. Gemeinsam k\u00f6nnen wir die Zukunft gestalten und den Teamgeist st\u00e4rken!<\/p>\n<p>[\/et_pb_text][\/et_pb_column][\/et_pb_row][et_pb_row _builder_version=&#8220;4.27.4&#8243; _module_preset=&#8220;default&#8220; width=&#8220;90%&#8220; custom_padding=&#8220;||65px||false|false&#8220; global_colors_info=&#8220;{}&#8220;][et_pb_column type=&#8220;4_4&#8243; _builder_version=&#8220;4.27.4&#8243; _module_preset=&#8220;default&#8220; global_colors_info=&#8220;{}&#8220;][et_pb_image src=&#8220;https:\/\/www.masetec.it\/wp-content\/uploads\/2025\/06\/Masetec-sponsort-Neue-Trikots-fuer-die-Baseballmanschaft-des-TV-1881-Altdorf.webp&#8220; title_text=&#8220;Masetec sponsort Neue Baseball Trikots f\u00fcr die Jugendmmanschaft des TV 1881 Altdorf mobil&#8220; src_tablet=&#8220;https:\/\/www.masetec.it\/wp-content\/uploads\/2025\/06\/Masetec-sponsort-Neue-Trikots-fuer-die-Baseballmanschaft-des-TV-1881-Altdorf.webp&#8220; src_phone=&#8220;https:\/\/www.masetec.it\/wp-content\/uploads\/2025\/06\/Masetec-sponsort-Neue-Baseball-Trikots-fuer-die-Jugendmmanschaft-des-TV-1881-Altdorf-mobil.webp&#8220; src_last_edited=&#8220;on|phone&#8220; _builder_version=&#8220;4.27.4&#8243; _module_preset=&#8220;default&#8220; max_width=&#8220;1200px&#8220; custom_margin=&#8220;||5px||false|false&#8220; global_colors_info=&#8220;{}&#8220;][\/et_pb_image][et_pb_image src=&#8220;https:\/\/www.masetec.it\/wp-content\/uploads\/2025\/06\/TVA-Partner-masetec-Mastec-sponsoring.webp&#8220; title_text=&#8220;TVA-Partner-masetec Mastec sponsoring&#8220; disabled_on=&#8220;off|on|on&#8220; _builder_version=&#8220;4.27.4&#8243; _module_preset=&#8220;default&#8220; custom_margin=&#8220;0px||||false|false&#8220; custom_padding=&#8220;0px||||false|false&#8220; global_colors_info=&#8220;{}&#8220;][\/et_pb_image][\/et_pb_column][\/et_pb_row][et_pb_row column_structure=&#8220;1_2,1_2&#8243; use_custom_gutter=&#8220;on&#8220; gutter_width=&#8220;2&#8243; custom_padding_last_edited=&#8220;on|desktop&#8220; _builder_version=&#8220;4.27.4&#8243; _module_preset=&#8220;default&#8220; width=&#8220;90%&#8220; custom_padding=&#8220;60px||||false|false&#8220; custom_padding_tablet=&#8220;50px||||false|false&#8220; custom_padding_phone=&#8220;40px||||false|false&#8220; border_width_top=&#8220;1px&#8220; border_color_top=&#8220;#707070&#8243; locked=&#8220;off&#8220; global_colors_info=&#8220;{}&#8220;][et_pb_column type=&#8220;1_2&#8243; _builder_version=&#8220;4.27.4&#8243; _module_preset=&#8220;default&#8220; global_colors_info=&#8220;{}&#8220;][et_pb_text _builder_version=&#8220;4.27.4&#8243; _module_preset=&#8220;default&#8220; text_font=&#8220;Roboto Condensed||||||||&#8220; text_font_size=&#8220;22px&#8220; custom_margin=&#8220;||10px||false|false&#8220; global_colors_info=&#8220;{}&#8220;]<\/p>\n<p>masetec unterst\u00fctzt:<\/p>\n<p>[\/et_pb_text][et_pb_text _builder_version=&#8220;4.27.4&#8243; _module_preset=&#8220;default&#8220; header_3_font_size=&#8220;36px&#8220; custom_margin=&#8220;||10px||false|false&#8220; custom_padding=&#8220;||||false|false&#8220; hover_enabled=&#8220;0&#8243; global_colors_info=&#8220;{}&#8220; header_3_font_size_last_edited=&#8220;on|phone&#8220; sticky_enabled=&#8220;0&#8243; header_3_font_size_tablet=&#8220;30px&#8220; header_3_font_size_phone=&#8220;30px&#8220;]<\/p>\n<h3>Neuen Kunstrasen f\u00fcr Soccercourt<\/h3>\n<p>[\/et_pb_text][et_pb_text _builder_version=&#8220;4.27.4&#8243; _module_preset=&#8220;default&#8220; text_font_size=&#8220;22px&#8220; text_font_size_tablet=&#8220;20px&#8220; text_font_size_phone=&#8220;20px&#8220; text_font_size_last_edited=&#8220;on|phone&#8220; global_colors_info=&#8220;{}&#8220;]<\/p>\n<p>Dank unserer Unterst\u00fctzung konnte der neue Kunstrasen-Soccercourt des TSV Fischbach realisiert werden \u2013 ein Ort f\u00fcr Bewegung, Teamgeist und Begegnung\u2026<\/p>\n<p>[\/et_pb_text][et_pb_button button_url=&#8220;\/masetec-engagiert-sich-fuer-den-tsv-fischbach\/&#8220; button_text=&#8220;Mehr dazu&#8220; button_alignment=&#8220;left&#8220; _builder_version=&#8220;4.27.4&#8243; _module_preset=&#8220;default&#8220; custom_button=&#8220;on&#8220; button_text_size=&#8220;19px&#8220; button_text_color=&#8220;#3b3b3a&#8220; button_bg_color=&#8220;#FFFFFF&#8220; button_border_color=&#8220;#e62139&#8243; button_border_radius=&#8220;50px&#8220; button_font=&#8220;Roboto Condensed|700||on|||||&#8220; button_icon=&#8220;&#x24;||divi||400&#8243; button_on_hover=&#8220;off&#8220; custom_margin=&#8220;35px||35px||true|false&#8220; custom_padding=&#8220;14px|53px|14px|36px|true|false&#8220; custom_padding_tablet=&#8220;14px|53px|14px|36px|true|false&#8220; custom_padding_phone=&#8220;14px|53px|14px|36px|true|false&#8220; custom_padding_last_edited=&#8220;on|phone&#8220; button_text_size_tablet=&#8220;19px&#8220; button_text_size_phone=&#8220;17px&#8220; button_text_size_last_edited=&#8220;on|phone&#8220; button_text_color_tablet=&#8220;#3b3b3a&#8220; button_text_color_phone=&#8220;#3b3b3a&#8220; button_text_color_last_edited=&#8220;on|desktop&#8220; global_colors_info=&#8220;{}&#8220; button_text_color__hover=&#8220;#FFFFFF&#8220; button_text_color__hover_enabled=&#8220;on|hover&#8220; button_bg_color__hover=&#8220;#E02B20&#8243; button_bg_color__hover_enabled=&#8220;on|hover&#8220;][\/et_pb_button][\/et_pb_column][et_pb_column type=&#8220;1_2&#8243; _builder_version=&#8220;4.27.4&#8243; _module_preset=&#8220;default&#8220; global_colors_info=&#8220;{}&#8220;][et_pb_image src=&#8220;https:\/\/www.masetec.it\/wp-content\/uploads\/2025\/03\/SMasetec-Sponsoring-2.jpg&#8220; title_text=&#8220;SMasetec Sponsoring 2&#8243; _builder_version=&#8220;4.27.4&#8243; _module_preset=&#8220;default&#8220; global_colors_info=&#8220;{}&#8220;][\/et_pb_image][\/et_pb_column][\/et_pb_row][\/et_pb_section]<\/p>\n","protected":false},"excerpt":{"rendered":"<p>Unser Soziales Engagement bei masetec GmbHBei masetec GmbH ist es uns ein besonderes Anliegen, einen positiven Beitrag zur Gemeinschaft zu leisten und lokale Projekte zu unterst\u00fctzen. Wir freuen uns, Teil der F\u00f6rderung des Jugendsports in unserer Region zu sein und m\u00f6chten uns aktiv f\u00fcr die Entwicklung und Begeisterung der jungen Generation einsetzen.Neue Trikots f\u00fcr TV [&hellip;]<\/p>\n","protected":false},"author":1,"featured_media":0,"parent":0,"menu_order":0,"comment_status":"closed","ping_status":"closed","template":"","meta":{"_et_pb_use_builder":"on","_et_pb_old_content":"","_et_gb_content_width":"","footnotes":""},"dipi_cpt_category":[],"class_list":["post-26250067","page","type-page","status-publish","hentry"],"_links":{"self":[{"href":"https:\/\/www.masetec.it\/de\/wp-json\/wp\/v2\/pages\/26250067","targetHints":{"allow":["GET"]}}],"collection":[{"href":"https:\/\/www.masetec.it\/de\/wp-json\/wp\/v2\/pages"}],"about":[{"href":"https:\/\/www.masetec.it\/de\/wp-json\/wp\/v2\/types\/page"}],"author":[{"embeddable":true,"href":"https:\/\/www.masetec.it\/de\/wp-json\/wp\/v2\/users\/1"}],"replies":[{"embeddable":true,"href":"https:\/\/www.masetec.it\/de\/wp-json\/wp\/v2\/comments?post=26250067"}],"version-history":[{"count":9,"href":"https:\/\/www.masetec.it\/de\/wp-json\/wp\/v2\/pages\/26250067\/revisions"}],"predecessor-version":[{"id":26253586,"href":"https:\/\/www.masetec.it\/de\/wp-json\/wp\/v2\/pages\/26250067\/revisions\/26253586"}],"wp:attachment":[{"href":"https:\/\/www.masetec.it\/de\/wp-json\/wp\/v2\/media?parent=26250067"}],"wp:term":[{"taxonomy":"dipi_cpt_category","embeddable":true,"href":"https:\/\/www.masetec.it\/de\/wp-json\/wp\/v2\/dipi_cpt_category?post=26250067"}],"curies":[{"name":"wp","href":"https:\/\/api.w.org\/{rel}","templated":true}]}}